{"id":517,"date":"2025-01-23T06:17:50","date_gmt":"2025-01-23T06:17:50","guid":{"rendered":"https:\/\/knoll-gmbh.at\/?page_id=517"},"modified":"2025-03-27T09:44:42","modified_gmt":"2025-03-27T09:44:42","slug":"impressum","status":"publish","type":"page","link":"https:\/\/knoll-gmbh.at\/?page_id=517","title":{"rendered":"Impressum"},"content":{"rendered":"<p>[et_pb_section fb_built=&#8220;1&#8243; _builder_version=&#8220;4.27.4&#8243; _module_preset=&#8220;default&#8220; global_colors_info=&#8220;{}&#8220;][et_pb_row _builder_version=&#8220;4.27.4&#8243; _module_preset=&#8220;default&#8220; global_colors_info=&#8220;{}&#8220;][et_pb_column type=&#8220;4_4&#8243; _builder_version=&#8220;4.27.4&#8243; _module_preset=&#8220;default&#8220; global_colors_info=&#8220;{}&#8220;][et_pb_text _builder_version=&#8220;4.27.4&#8243; _module_preset=&#8220;default&#8220; global_colors_info=&#8220;{}&#8220;]<\/p>\n<section class=\"elementor-section elementor-top-section elementor-element elementor-element-52571b32 elementor-section-height-min-height elementor-section-boxed elementor-section-height-default elementor-section-items-middle\" data-id=\"52571b32\" data-element_type=\"section\">\n<div class=\"elementor-container elementor-column-gap-default\">\n<div class=\"elementor-column elementor-col-100 elementor-top-column elementor-element elementor-element-2e968d9a\" data-id=\"2e968d9a\" data-element_type=\"column\">\n<div class=\"elementor-widget-wrap elementor-element-populated\">\n<div class=\"elementor-element elementor-element-3bffbb18 elementor-widget elementor-widget-heading\" data-id=\"3bffbb18\" data-element_type=\"widget\" data-widget_type=\"heading.default\">\n<div class=\"elementor-widget-container\">\n<h2 class=\"elementor-heading-title elementor-size-default\">Impressum<\/h2>\n<\/div>\n<\/div>\n<div class=\"elementor-element elementor-element-3ed27799 elementor-widget elementor-widget-text-editor\" data-id=\"3ed27799\" data-element_type=\"widget\" data-widget_type=\"text-editor.default\">\n<div class=\"elementor-widget-container\">\n<div>\n<div>\n<p><strong>Offenlegung und Herausgeber<\/strong><\/p>\n<p>Knoll Elektrotechnik GmbH<br \/>Hochtor 36, 4322 Windhaag bei Perg<br \/>Tel. <a data-dtype=\"d3ph\" data-local-attribute=\"d3ph\" jscontroller=\"LWZElb\" href=\"https:\/\/www.google.com\/search?q=knoll+elektro&amp;rlz=1C1YTUH_deAT1026AT1026&amp;oq=knoll+elektro&amp;gs_lcrp=EgZjaHJvbWUqDggAEEUYJxg7GIAEGIoFMg4IABBFGCcYOxiABBiKBTIGCAEQIxgnMg0IAhAuGK8BGMcBGIAEMg0IAxAuGK8BGMcBGIAEMgcIBBAAGIAEMgYIBRBFGDwyBggGEEUYPDIGCAcQRRg80gEIMjQ1OWowajeoAgCwAgA&amp;sourceid=chrome&amp;ie=UTF-8#\" jsdata=\"QKGTRc;_;CFxc24\" jsaction=\"rcuQ6b:npT2md;F75qrd\" data-ved=\"2ahUKEwjYi8SfwP6IAxWUwQIHHS32Al0QkAgoAHoECC0QAg\"><span aria-label=\"07262 57313 anrufen\">+ 07262 57313<\/span><\/a><br \/><a data-action=\"mailTo\" data-url=\"mailto:office@pascom.at\">info@knoll-gmbh.at<\/a><\/p>\n<p>Gesch\u00e4ftsf\u00fchrer: Ing. Richard Mayr<br \/>Firmenbuchnummer: <span>FN 233625 t<\/span> beim Landes- als Handelsgericht Perg<br \/>UID: <span>ATU56943419<\/span><\/p>\n<\/div>\n<\/div>\n<\/div>\n<\/div>\n<\/div>\n<\/div>\n<\/div>\n<\/section>\n<section class=\"elementor-section elementor-top-section elementor-element elementor-element-95eb8b0 elementor-section-boxed elementor-section-height-default elementor-section-height-default\" data-id=\"95eb8b0\" data-element_type=\"section\">\n<div class=\"elementor-container elementor-column-gap-default\">\n<div class=\"elementor-column elementor-col-100 elementor-top-column elementor-element elementor-element-8182ee7\" data-id=\"8182ee7\" data-element_type=\"column\">\n<div class=\"elementor-widget-wrap\"><\/div>\n<\/div>\n<\/div>\n<\/section>\n<section class=\"elementor-section elementor-top-section elementor-element elementor-element-d9f4c9f elementor-section-boxed elementor-section-height-default elementor-section-height-default\" data-id=\"d9f4c9f\" data-element_type=\"section\">\n<div class=\"elementor-container elementor-column-gap-default\">\n<div class=\"elementor-column elementor-col-100 elementor-top-column elementor-element elementor-element-073a94f\" data-id=\"073a94f\" data-element_type=\"column\">\n<div class=\"elementor-widget-wrap elementor-element-populated\">\n<div class=\"elementor-element elementor-element-d822fa0 elementor-widget elementor-widget-text-editor\" data-id=\"d822fa0\" data-element_type=\"widget\" data-widget_type=\"text-editor.default\">\n<div class=\"elementor-widget-container\">\n<p><span>Unternehmensgegenstand und Gewerbezugeh\u00f6rigkeit<\/span><\/p>\n<ul type=\"disc\">\n<li>Elektroinstallationen, Elektrotechnik, Automatisierungstechnik, &#8230;<\/li>\n<\/ul>\n<ul type=\"disc\"><\/ul>\n<\/div>\n<\/div>\n<div class=\"elementor-element elementor-element-0b6bb6d elementor-widget elementor-widget-text-editor\" data-id=\"0b6bb6d\" data-element_type=\"widget\" data-widget_type=\"text-editor.default\">\n<div class=\"elementor-widget-container\">\n<p>Diese Website ist eine \u00f6ffentliche Firmendarstellung und bietet Informationen zu angebotenen Produkten und Kontaktm\u00f6glichkeiten zum Unternehmen.<\/p>\n<\/div>\n<\/div>\n<div class=\"elementor-element elementor-element-1df7b74 elementor-widget elementor-widget-text-editor\" data-id=\"1df7b74\" data-element_type=\"widget\" data-widget_type=\"text-editor.default\">\n<div class=\"elementor-widget-container\">\n<p><span>Haftungsausschluss<\/span><\/p>\n<p>Alle Informationen erfolgen nach bestem Wissen und Gewissen. Sollte uns dennoch ein Fehler passiert sein, bedauern wir dies, k\u00f6nnen f\u00fcr diesen Fall aber leider keine Haftung \u00fcbernehmen. Wir \u00fcbernehmen keine Verantwortung f\u00fcr externe Inhalte, auf die wir mittels Hyperlink verweisen. Auch machen wir darauf aufmerksam, dass wir unser Informationsangebot aus Gr\u00fcnden der Aktualisierung laufend \u00e4ndern.<\/p>\n<p>Der Inhalt dieser Seiten ist urheberrechtlich gesch\u00fctzt. Die Informationen sind nur f\u00fcr die pers\u00f6nliche Verwendung bestimmt. Jede weitergehende Nutzung, insbesondere die Speicherung in Datenbanken, Ver\u00f6ffentlichung, Vervielf\u00e4ltigung und jede Form von gewerblicher Nutzung, sowie die Weitergabe an Dritte \u2013 auch in Teilen oder in \u00fcberarbeiteter Form \u2013 ohne Zustimmung der Knoll Elektrotechnik GmbH sind untersagt.<\/p>\n<p>Wir haften nicht f\u00fcr direkte oder indirekte Sch\u00e4den, einschlie\u00dflich entgangenen Gewinns, die aufgrund von oder sonstwie in Verbindung mit Informationen entstehen, die auf dieser Website bereitgehalten werden. F\u00fcr Verf\u00fcgbarkeit, Richtigkeit und Vollst\u00e4ndigkeit des Inhaltes bzw. der Daten wird keine Gew\u00e4hr geleistet. Eine (positive!) Berichterstattung ist erlaubt und erw\u00fcnscht. Zu statistischen Zwecken werden Zugriffsinformationen gespeichert und verwertet. Personenbezogene Daten werden dabei nicht erhoben. Hyperlinks auf www.knoll-gmbh.at sind willkommen. Wir ersuchen Sie jedoch, das Einbinden einzelner Seiten unseres Angebots in fremde Frames zu unterlassen.<\/p>\n<\/div>\n<\/div>\n<\/div>\n<\/div>\n<\/div>\n<\/section>\n<p>[\/et_pb_text][\/et_pb_column][\/et_pb_row][\/et_pb_section]<\/p>\n","protected":false},"excerpt":{"rendered":"<p>Impressum Offenlegung und Herausgeber Knoll Elektrotechnik GmbHHochtor 36, 4322 Windhaag bei PergTel. + 07262 57313info@knoll-gmbh.at Gesch\u00e4ftsf\u00fchrer: Ing. Richard MayrFirmenbuchnummer: FN 233625 t beim Landes- als Handelsgericht PergUID: ATU56943419 Unternehmensgegenstand und Gewerbezugeh\u00f6rigkeit Elektroinstallationen, Elektrotechnik, Automatisierungstechnik, &#8230; Diese Website ist eine \u00f6ffentliche Firmendarstellung und bietet Informationen zu angebotenen Produkten und Kontaktm\u00f6glichkeiten zum Unternehmen. Haftungsausschluss Alle Informationen erfolgen [&hellip;]<\/p>\n","protected":false},"author":1,"featured_media":0,"parent":0,"menu_order":0,"comment_status":"closed","ping_status":"closed","template":"","meta":{"_et_pb_use_builder":"on","_et_pb_old_content":"","_et_gb_content_width":"","footnotes":""},"class_list":["post-517","page","type-page","status-publish","hentry"],"_links":{"self":[{"href":"https:\/\/knoll-gmbh.at\/index.php?rest_route=\/wp\/v2\/pages\/517","targetHints":{"allow":["GET"]}}],"collection":[{"href":"https:\/\/knoll-gmbh.at\/index.php?rest_route=\/wp\/v2\/pages"}],"about":[{"href":"https:\/\/knoll-gmbh.at\/index.php?rest_route=\/wp\/v2\/types\/page"}],"author":[{"embeddable":true,"href":"https:\/\/knoll-gmbh.at\/index.php?rest_route=\/wp\/v2\/users\/1"}],"replies":[{"embeddable":true,"href":"https:\/\/knoll-gmbh.at\/index.php?rest_route=%2Fwp%2Fv2%2Fcomments&post=517"}],"version-history":[{"count":4,"href":"https:\/\/knoll-gmbh.at\/index.php?rest_route=\/wp\/v2\/pages\/517\/revisions"}],"predecessor-version":[{"id":559,"href":"https:\/\/knoll-gmbh.at\/index.php?rest_route=\/wp\/v2\/pages\/517\/revisions\/559"}],"wp:attachment":[{"href":"https:\/\/knoll-gmbh.at\/index.php?rest_route=%2Fwp%2Fv2%2Fmedia&parent=517"}],"curies":[{"name":"wp","href":"https:\/\/api.w.org\/{rel}","templated":true}]}}